{"id":17481,"date":"2025-01-27T11:59:08","date_gmt":"2025-01-27T11:59:08","guid":{"rendered":"https:\/\/test.hvillarosa.com\/?page_id=17481"},"modified":"2025-02-27T14:35:51","modified_gmt":"2025-02-27T14:35:51","slug":"cesenatico-pension-in-der-naehe-des-meeres","status":"publish","type":"page","link":"https:\/\/test.hvillarosa.com\/de\/cesenatico-pension-in-der-naehe-des-meeres\/","title":{"rendered":"Strand"},"content":{"rendered":"\n<style type=\"text\/css\" data-created_by=\"avia_inline_auto\" id=\"style-css-av-4rm0wi-9e0ab2722f44ed836b7513dcbd14d677\">\n.avia-section.av-4rm0wi-9e0ab2722f44ed836b7513dcbd14d677{\nbackground-repeat:no-repeat;\nbackground-image:url(https:\/\/test.hvillarosa.com\/wp-content\/uploads\/2024\/12\/esterno-scaled.jpg);\nbackground-position:50% 100%;\nbackground-attachment:fixed;\n}\n<\/style>\n<div id='av_section_1'  class='avia-section av-4rm0wi-9e0ab2722f44ed836b7513dcbd14d677 main_color avia-section-small avia-no-border-styling  avia-builder-el-0  el_before_av_section  avia-builder-el-first  av-small-hide av-mini-hide avia-full-stretch avia-bg-style-fixed av-minimum-height av-minimum-height-75 av-height-75  container_wrap fullsize'  data-section-bg-repeat='stretch' data-av_minimum_height_pc='75' data-av_min_height_opt='75'><div class='container av-section-cont-open' ><main  role=\"main\" itemprop=\"mainContentOfPage\"  class='template-page content  av-content-full alpha units'><div class='post-entry post-entry-type-page post-entry-17481'><div class='entry-content-wrapper clearfix'>\n<div  class='flex_column av-4jhs2i-2d1e390783207ea7f5731544ae384384 av_one_fourth  avia-builder-el-1  el_before_av_one_half  avia-builder-el-first  first flex_column_div  '     ><\/div>\n<style type=\"text\/css\" data-created_by=\"avia_inline_auto\" id=\"style-css-av-4d33aa-d67951db756556c7519936b2a58b4f84\">\n.flex_column.av-4d33aa-d67951db756556c7519936b2a58b4f84{\npadding:80px 10px 80px 10px;\nbackground-color:rgba(255,255,255,0.75);\n}\n<\/style>\n<div  class='flex_column av-4d33aa-d67951db756556c7519936b2a58b4f84 av_one_half  avia-builder-el-2  el_after_av_one_fourth  el_before_av_one_fourth  flex_column_div  '     ><style type=\"text\/css\" data-created_by=\"avia_inline_auto\" id=\"style-css-av-l1bv53v6-cf34bf131b5e6c73082546e7b6953f07\">\n#top .av-special-heading.av-l1bv53v6-cf34bf131b5e6c73082546e7b6953f07{\npadding-bottom:10px;\nfont-size:45px;\n}\nbody .av-special-heading.av-l1bv53v6-cf34bf131b5e6c73082546e7b6953f07 .av-special-heading-tag .heading-char{\nfont-size:25px;\n}\n#top #wrap_all .av-special-heading.av-l1bv53v6-cf34bf131b5e6c73082546e7b6953f07 .av-special-heading-tag{\nfont-size:45px;\n}\n.av-special-heading.av-l1bv53v6-cf34bf131b5e6c73082546e7b6953f07 .av-subheading{\nfont-size:24px;\n}\n\n@media only screen and (min-width: 480px) and (max-width: 767px){ \n#top #wrap_all .av-special-heading.av-l1bv53v6-cf34bf131b5e6c73082546e7b6953f07 .av-special-heading-tag{\nfont-size:0.8em;\n}\n}\n\n@media only screen and (max-width: 479px){ \n#top #wrap_all .av-special-heading.av-l1bv53v6-cf34bf131b5e6c73082546e7b6953f07 .av-special-heading-tag{\nfont-size:0.8em;\n}\n}\n<\/style>\n<div  class='av-special-heading av-l1bv53v6-cf34bf131b5e6c73082546e7b6953f07 av-special-heading-h2 blockquote modern-quote modern-centered  avia-builder-el-3  avia-builder-el-no-sibling  av-inherit-size'><h2 class='av-special-heading-tag '  itemprop=\"headline\"  >STRAND<\/h2><div class=\"special-heading-border\"><div class=\"special-heading-inner-border\"><\/div><\/div><\/div><\/div><div  class='flex_column av-48cad6-0270edc133b7836b4e6deaa5fda0b2e6 av_one_fourth  avia-builder-el-4  el_after_av_one_half  avia-builder-el-last  flex_column_div  '     ><\/div><\/div><\/div><\/main><!-- close content main element --><\/div><\/div>\n<style type=\"text\/css\" data-created_by=\"avia_inline_auto\" id=\"style-css-av-z0jky-981cc4342a3a8622dfbb96524228ca33\">\n.avia-section.av-z0jky-981cc4342a3a8622dfbb96524228ca33{\nbackground-repeat:no-repeat;\nbackground-image:url(https:\/\/test.hvillarosa.com\/wp-content\/uploads\/2024\/12\/esterno-scaled.jpg);\nbackground-position:0% 50%;\nbackground-attachment:scroll;\n}\n<\/style>\n<div id='av_section_2'  class='avia-section av-z0jky-981cc4342a3a8622dfbb96524228ca33 main_color avia-section-small avia-no-border-styling  avia-builder-el-5  el_after_av_section  el_before_av_section  av-desktop-hide av-medium-hide avia-full-stretch avia-bg-style-scroll av-minimum-height av-minimum-height-50 av-height-50  container_wrap fullsize'  data-section-bg-repeat='stretch' data-av_minimum_height_pc='50' data-av_min_height_opt='50'><div class='container av-section-cont-open' ><div class='template-page content  av-content-full alpha units'><div class='post-entry post-entry-type-page post-entry-17481'><div class='entry-content-wrapper clearfix'>\n<div  class='flex_column av-sexki-226b548bb655b555977bb3d3d3194cac av_one_fourth  avia-builder-el-6  el_before_av_one_half  avia-builder-el-first  first flex_column_div  '     ><\/div>\n<style type=\"text\/css\" data-created_by=\"avia_inline_auto\" id=\"style-css-av-jkd7e-c2ea1723c9542e743b437b358e2cedc9\">\n.flex_column.av-jkd7e-c2ea1723c9542e743b437b358e2cedc9{\npadding:80px 10px 80px 10px;\nbackground-color:rgba(255,255,255,0.75);\n}\n<\/style>\n<div  class='flex_column av-jkd7e-c2ea1723c9542e743b437b358e2cedc9 av_one_half  avia-builder-el-7  el_after_av_one_fourth  el_before_av_one_fourth  flex_column_div  '     ><style type=\"text\/css\" data-created_by=\"avia_inline_auto\" id=\"style-css-av-e4z96-c63d95f42b7229212abbcea623098276\">\n#top .av-special-heading.av-e4z96-c63d95f42b7229212abbcea623098276{\npadding-bottom:10px;\nfont-size:45px;\n}\nbody .av-special-heading.av-e4z96-c63d95f42b7229212abbcea623098276 .av-special-heading-tag .heading-char{\nfont-size:25px;\n}\n#top #wrap_all .av-special-heading.av-e4z96-c63d95f42b7229212abbcea623098276 .av-special-heading-tag{\nfont-size:45px;\n}\n.av-special-heading.av-e4z96-c63d95f42b7229212abbcea623098276 .av-subheading{\nfont-size:24px;\n}\n\n@media only screen and (min-width: 480px) and (max-width: 767px){ \n#top #wrap_all .av-special-heading.av-e4z96-c63d95f42b7229212abbcea623098276 .av-special-heading-tag{\nfont-size:0.8em;\n}\n}\n\n@media only screen and (max-width: 479px){ \n#top #wrap_all .av-special-heading.av-e4z96-c63d95f42b7229212abbcea623098276 .av-special-heading-tag{\nfont-size:0.8em;\n}\n}\n<\/style>\n<div  class='av-special-heading av-e4z96-c63d95f42b7229212abbcea623098276 av-special-heading-h2 blockquote modern-quote modern-centered  avia-builder-el-8  avia-builder-el-no-sibling  av-inherit-size'><h2 class='av-special-heading-tag '  itemprop=\"headline\"  >STRAND<\/h2><div class=\"special-heading-border\"><div class=\"special-heading-inner-border\"><\/div><\/div><\/div><\/div><div  class='flex_column av-b5jyy-7b3e409f3645f07284a7a6f3fc566355 av_one_fourth  avia-builder-el-9  el_after_av_one_half  avia-builder-el-last  flex_column_div  '     ><\/div><\/div><\/div><\/div><!-- close content main div --><\/div><\/div><div id='av_section_3'  class='avia-section av-407lbu-67bc9250e09387d39c5a09161372ff56 main_color avia-section-small avia-no-border-styling  avia-builder-el-10  el_after_av_section  el_before_av_revolutionslider  avia-bg-style-scroll container_wrap fullsize'  ><div class='container av-section-cont-open' ><div class='template-page content  av-content-full alpha units'><div class='post-entry post-entry-type-page post-entry-17481'><div class='entry-content-wrapper clearfix'>\n\n<style type=\"text\/css\" data-created_by=\"avia_inline_auto\" id=\"style-css-av-3v32ky-4ea0927a2862b5520e18059257a49818\">\n#top .hr.hr-invisible.av-3v32ky-4ea0927a2862b5520e18059257a49818{\nheight:10px;\n}\n<\/style>\n<div  class='hr av-3v32ky-4ea0927a2862b5520e18059257a49818 hr-invisible  avia-builder-el-11  el_before_av_heading  avia-builder-el-first '><span class='hr-inner '><span class=\"hr-inner-style\"><\/span><\/span><\/div>\n\n<style type=\"text\/css\" data-created_by=\"avia_inline_auto\" id=\"style-css-av-3r2jne-1286b6e793a4317e85061d0316046392\">\n#top .av-special-heading.av-3r2jne-1286b6e793a4317e85061d0316046392{\npadding-bottom:10px;\nfont-size:40px;\n}\nbody .av-special-heading.av-3r2jne-1286b6e793a4317e85061d0316046392 .av-special-heading-tag .heading-char{\nfont-size:25px;\n}\n#top #wrap_all .av-special-heading.av-3r2jne-1286b6e793a4317e85061d0316046392 .av-special-heading-tag{\nfont-size:40px;\n}\n.av-special-heading.av-3r2jne-1286b6e793a4317e85061d0316046392 .av-subheading{\nfont-size:15px;\n}\n\n@media only screen and (min-width: 480px) and (max-width: 767px){ \n#top #wrap_all .av-special-heading.av-3r2jne-1286b6e793a4317e85061d0316046392 .av-special-heading-tag{\nfont-size:0.8em;\n}\n}\n\n@media only screen and (max-width: 479px){ \n#top #wrap_all .av-special-heading.av-3r2jne-1286b6e793a4317e85061d0316046392 .av-special-heading-tag{\nfont-size:0.8em;\n}\n}\n<\/style>\n<div  class='av-special-heading av-3r2jne-1286b6e793a4317e85061d0316046392 av-special-heading-h2 blockquote modern-quote modern-centered  avia-builder-el-12  el_after_av_hr  el_before_av_hr  av-inherit-size av-linked-heading'><h2 class='av-special-heading-tag '  itemprop=\"headline\"  ><span class='special_amp'>\u201e<\/span>\u2026nur einen Steinwurf vom Meer entfernt<span class='special_amp'>\u201c<\/span><\/h2><div class=\"special-heading-border\"><div class=\"special-heading-inner-border\"><\/div><\/div><\/div>\n\n<style type=\"text\/css\" data-created_by=\"avia_inline_auto\" id=\"style-css-av-7rn2y-22d83c512ba7a43ddf78b4f38ca63cd1\">\n#top .hr.av-7rn2y-22d83c512ba7a43ddf78b4f38ca63cd1{\nmargin-top:30px;\nmargin-bottom:30px;\n}\n.hr.av-7rn2y-22d83c512ba7a43ddf78b4f38ca63cd1 .hr-inner{\nwidth:400px;\nborder-color:#5f8789;\nmax-width:45%;\n}\n.hr.av-7rn2y-22d83c512ba7a43ddf78b4f38ca63cd1 .av-seperator-icon{\ncolor:#5f8789;\n}\n<\/style>\n<div  class='hr av-7rn2y-22d83c512ba7a43ddf78b4f38ca63cd1 hr-custom  avia-builder-el-13  el_after_av_heading  el_before_av_textblock  hr-center hr-icon-yes'><span class='hr-inner inner-border-av-border-fat'><span class=\"hr-inner-style\"><\/span><\/span><span class='av-seperator-icon' aria-hidden='true' data-av_icon='\ue89a' data-av_iconfont='entypo-fontello'><\/span><span class='hr-inner inner-border-av-border-fat'><span class=\"hr-inner-style\"><\/span><\/span><\/div>\n<section  class='av_textblock_section av-l1bv6065-11b3e385db6ae0053611305e99608eec '   itemscope=\"itemscope\" itemtype=\"https:\/\/schema.org\/CreativeWork\" ><div class='avia_textblock'  itemprop=\"text\" ><div class=\"av-special-heading av-861lm-c40d3ce4b090560523fd0c46398c15dc av-special-heading-h1 blockquote modern-quote avia-builder-el-10 el_before_av_textblock avia-builder-el-first \"><\/div>\n<p>Vom Hotel Villa Rosa aus sind es nur wenige Meter bis zum Strand, einem Anziehungspunkt f\u00fcr Touristen und Einheimische an hei\u00dfen Sommertagen.<\/p>\n<p>Der Strand ist voller ausgestatteter <strong>Badeanstalten<\/strong>, in denen Sie gepflegte Kinderbereiche mit zahlreichen Spielen, Bars, in denen Sie einen Kaffee oder ein Eis genie\u00dfen oder einfach eine Zeitung lesen k\u00f6nnen, und Sportpl\u00e4tze finden, auf denen Sie, wenn Sie m\u00f6chten, <strong>Ihr K\u00f6nnen bei lustigen Beachvolleyball-, Beachtennis- und Beachsoccer-Turnieren ausprobieren k\u00f6nnen.<\/strong><\/p>\n<p><strong>Bagno Roma<\/strong>, einer der historischen Strandorte in Cesenatico, hat eine Vereinbarung mit unserem Hotel, um allen G\u00e4sten den besten Strandservice zu bieten.<\/p>\n<p>Weitere interessante Aktivit\u00e4ten am Meer, die Jahr f\u00fcr Jahr vor allem junge Leute begeistern, sind Wassersportarten wie Segeln und Windsurfen, Skinboarding, <strong>Paraflying oder Kitesurfen, die mit Hilfe einiger Unterrichtsstunden auch von weniger Erfahrenen ausge\u00fcbt werden k\u00f6nnen<\/strong>.<\/p>\n<p>Wer Entspannung dem Sport vorzieht, f\u00fcr den ist der flache, sandige Meeresboden der ideale Ort f\u00fcr lange, wohltuende Spazierg\u00e4nge am Meeresufer. Und warum nicht, er ist auch ideal, um sich mit Eimer und Schaufel im Bauen einer sch\u00f6nen alten Burg zu versuchen.<\/p>\n<\/div><\/section>\n<\/div><\/div><\/div><!-- close content main div --><\/div><\/div><div id='revolutionslider_1'  class='avia-layerslider avia-revolutionslider main_color avia-shadow  avia-builder-el-15  el_after_av_section  avia-builder-el-last   slider-not-first container_wrap fullsize'  >\n\t\t\t<!-- START SLIDER SPIAGGIA REVOLUTION SLIDER 6.7.21 --><p class=\"rs-p-wp-fix\"><\/p>\n\t\t\t<rs-module-wrap id=\"rev_slider_70_1_wrapper\" data-source=\"gallery\" style=\"visibility:hidden;background:transparent;padding:0;margin:0px auto;margin-top:0;margin-bottom:0;\">\n\t\t\t\t<rs-module id=\"rev_slider_70_1\" style=\"\" data-version=\"6.7.21\">\n\t\t\t\t\t<rs-slides style=\"overflow: hidden; position: absolute;\">\n\t\t\t\t\t\t<rs-slide style=\"position: absolute;\" data-key=\"rs-278\" data-title=\"Slide\" data-thumb=\"\/\/test.hvillarosa.com\/wp-content\/uploads\/2025\/02\/Mare-di-Cesenatico-scaled-50x100.jpg\" data-anim=\"adpr:false;\" data-in=\"o:0;\" data-out=\"a:false;\">\n\t\t\t\t\t\t\t<img decoding=\"async\" src=\"\/\/test.hvillarosa.com\/wp-content\/plugins\/revslider\/sr6\/assets\/assets\/dummy.png\" alt=\"\" title=\"Mare di Cesenatico\" width=\"2560\" height=\"1702\" class=\"rev-slidebg tp-rs-img rs-lazyload\" data-lazyload=\"\/\/test.hvillarosa.com\/wp-content\/uploads\/2025\/02\/Mare-di-Cesenatico-scaled.jpg\" data-bg=\"f:contain;\" data-no-retina>\n<!---->\t\t\t\t\t<\/rs-slide>\n\t\t\t\t\t\t<rs-slide style=\"position: absolute;\" data-key=\"rs-282\" data-title=\"Slide\" data-thumb=\"\/\/test.hvillarosa.com\/wp-content\/uploads\/2025\/02\/26910562_1810067262339897_6798722844898378342_o-1030x686-1-50x100.jpg\" data-anim=\"adpr:false;\" data-in=\"o:0;\" data-out=\"a:false;\">\n\t\t\t\t\t\t\t<img decoding=\"async\" src=\"\/\/test.hvillarosa.com\/wp-content\/plugins\/revslider\/sr6\/assets\/assets\/dummy.png\" alt=\"\" title=\"26910562_1810067262339897_6798722844898378342_o-1030&#215;686\" width=\"1030\" height=\"686\" class=\"rev-slidebg tp-rs-img rs-lazyload\" data-lazyload=\"\/\/test.hvillarosa.com\/wp-content\/uploads\/2025\/02\/26910562_1810067262339897_6798722844898378342_o-1030x686-1.jpg\" data-bg=\"f:contain;\" data-no-retina>\n<!---->\t\t\t\t\t<\/rs-slide>\n\t\t\t\t\t\t<rs-slide style=\"position: absolute;\" data-key=\"rs-279\" data-title=\"Slide\" data-thumb=\"\/\/test.hvillarosa.com\/wp-content\/uploads\/2025\/02\/27332446_1815038838509406_3270884130425365690_n-1-50x100.jpg\" data-anim=\"adpr:false;\" data-in=\"o:0;\" data-out=\"a:false;\">\n\t\t\t\t\t\t\t<img decoding=\"async\" src=\"\/\/test.hvillarosa.com\/wp-content\/plugins\/revslider\/sr6\/assets\/assets\/dummy.png\" alt=\"\" title=\"27332446_1815038838509406_3270884130425365690_n (1)\" width=\"800\" height=\"615\" class=\"rev-slidebg tp-rs-img rs-lazyload\" data-lazyload=\"\/\/test.hvillarosa.com\/wp-content\/uploads\/2025\/02\/27332446_1815038838509406_3270884130425365690_n-1.jpg\" data-bg=\"f:contain;\" data-no-retina>\n<!---->\t\t\t\t\t<\/rs-slide>\n\t\t\t\t\t\t<rs-slide style=\"position: absolute;\" data-key=\"rs-277\" data-title=\"Slide\" data-thumb=\"\/\/test.hvillarosa.com\/wp-content\/uploads\/2025\/02\/Dettaglio-spiaggia-Cesenatico-vicino-Hotel-Villa-Rosa-50x100.jpg\" data-anim=\"adpr:false;\" data-in=\"o:0;\" data-out=\"a:false;\">\n\t\t\t\t\t\t\t<img decoding=\"async\" src=\"\/\/test.hvillarosa.com\/wp-content\/plugins\/revslider\/sr6\/assets\/assets\/dummy.png\" alt=\"\" title=\"Dettaglio-spiaggia-Cesenatico-vicino-Hotel-Villa-Rosa\" width=\"700\" height=\"825\" class=\"rev-slidebg tp-rs-img rs-lazyload\" data-lazyload=\"\/\/test.hvillarosa.com\/wp-content\/uploads\/2025\/02\/Dettaglio-spiaggia-Cesenatico-vicino-Hotel-Villa-Rosa.jpg\" data-bg=\"f:contain;\" data-no-retina>\n<!---->\t\t\t\t\t<\/rs-slide>\n\t\t\t\t\t\t<rs-slide style=\"position: absolute;\" data-key=\"rs-280\" data-title=\"Slide\" data-thumb=\"\/\/test.hvillarosa.com\/wp-content\/uploads\/2025\/02\/Estate-al-Molo-di-Cesenatico-50x100.jpg\" data-anim=\"adpr:false;\" data-in=\"o:0;\" data-out=\"a:false;\">\n\t\t\t\t\t\t\t<img decoding=\"async\" src=\"\/\/test.hvillarosa.com\/wp-content\/plugins\/revslider\/sr6\/assets\/assets\/dummy.png\" alt=\"\" title=\"Estate-al-Molo-di-Cesenatico\" width=\"900\" height=\"601\" class=\"rev-slidebg tp-rs-img rs-lazyload\" data-lazyload=\"\/\/test.hvillarosa.com\/wp-content\/uploads\/2025\/02\/Estate-al-Molo-di-Cesenatico.jpg\" data-bg=\"f:contain;\" data-no-retina>\n<!---->\t\t\t\t\t<\/rs-slide>\n\t\t\t\t\t\t<rs-slide style=\"position: absolute;\" data-key=\"rs-281\" data-title=\"Slide\" data-thumb=\"\/\/test.hvillarosa.com\/wp-content\/uploads\/2025\/02\/Le-vele-al-mare-in-spiaggia-Hotel-Villa-Rosa-Cesenatico-50x100.jpg\" data-anim=\"adpr:false;\" data-in=\"o:0;\" data-out=\"a:false;\">\n\t\t\t\t\t\t\t<img decoding=\"async\" src=\"\/\/test.hvillarosa.com\/wp-content\/plugins\/revslider\/sr6\/assets\/assets\/dummy.png\" alt=\"\" title=\"Le-vele-al-mare-in-spiaggia-Hotel-Villa-Rosa-Cesenatico\" width=\"900\" height=\"601\" class=\"rev-slidebg tp-rs-img rs-lazyload\" data-lazyload=\"\/\/test.hvillarosa.com\/wp-content\/uploads\/2025\/02\/Le-vele-al-mare-in-spiaggia-Hotel-Villa-Rosa-Cesenatico.jpg\" data-bg=\"f:contain;\" data-no-retina>\n<!---->\t\t\t\t\t<\/rs-slide>\n\t\t\t\t\t<\/rs-slides>\n\t\t\t\t<\/rs-module>\n\t\t\t\t<script>\n\t\t\t\t\tsetREVStartSize({c: 'rev_slider_70_1',rl:[1240,1240,1240,480],el:[700,700,700,720],gw:[800,800,800,480],gh:[700,700,700,520],type:'carousel',justify:'',layout:'fullwidth',mh:\"0\"});if (window.RS_MODULES!==undefined && window.RS_MODULES.modules!==undefined && window.RS_MODULES.modules[\"revslider701\"]!==undefined) {window.RS_MODULES.modules[\"revslider701\"].once = false;window.revapi70 = undefined;if (window.RS_MODULES.checkMinimal!==undefined) window.RS_MODULES.checkMinimal()}\n\t\t\t\t<\/script>\n\t\t\t<\/rs-module-wrap>\n\t\t\t<!-- END REVOLUTION SLIDER -->\n<\/div><\/p>\n","protected":false},"excerpt":{"rendered":"","protected":false},"author":5,"featured_media":0,"parent":0,"menu_order":0,"comment_status":"closed","ping_status":"closed","template":"","meta":{"footnotes":""},"class_list":["post-17481","page","type-page","status-publish","hentry"],"yoast_head":"<!-- This site is optimized with the Yoast SEO plugin v25.4 - https:\/\/yoast.com\/wordpress\/plugins\/seo\/ -->\n<title>Cesenatico pension in der naehe des meeres Adriak\u00fcste<\/title>\n<meta name=\"description\" content=\"Cesenatico pension in der naehe des meeres, Hotel Vila Rosa in der N\u00e4he des Wolkenkratzers von Cesenatico und nur einen Steinwurf vom Meer entfernt, eine Oase der Ruhe in Strandn\u00e4he. Fordern Sie Ihren kostenlosen Kostenvoranschlag an.\" \/>\n<meta name=\"robots\" content=\"noindex, follow, max-snippet:-1, max-image-preview:large, max-video-preview:-1\" \/>\n<meta property=\"og:locale\" content=\"de_DE\" \/>\n<meta property=\"og:type\" content=\"article\" \/>\n<meta property=\"og:title\" content=\"Cesenatico pension in der naehe des meeres Adriak\u00fcste\" \/>\n<meta property=\"og:description\" content=\"Cesenatico pension in der naehe des meeres, Hotel Vila Rosa in der N\u00e4he des Wolkenkratzers von Cesenatico und nur einen Steinwurf vom Meer entfernt, eine Oase der Ruhe in Strandn\u00e4he. Fordern Sie Ihren kostenlosen Kostenvoranschlag an.\" \/>\n<meta property=\"og:url\" content=\"https:\/\/test.hvillarosa.com\/de\/cesenatico-pension-in-der-naehe-des-meeres\/\" \/>\n<meta property=\"og:site_name\" content=\"Hotel Villa Rosa\" \/>\n<meta property=\"article:publisher\" content=\"https:\/\/www.facebook.com\/HotelMexicoBellaria\" \/>\n<meta property=\"article:modified_time\" content=\"2025-02-27T14:35:51+00:00\" \/>\n<meta name=\"twitter:card\" content=\"summary_large_image\" \/>\n<meta name=\"twitter:label1\" content=\"Gesch\u00e4tzte Lesezeit\" \/>\n\t<meta name=\"twitter:data1\" content=\"2\u00a0Minuten\" \/>\n<script type=\"application\/ld+json\" class=\"yoast-schema-graph\">{\"@context\":\"https:\/\/schema.org\",\"@graph\":[{\"@type\":\"WebPage\",\"@id\":\"https:\/\/test.hvillarosa.com\/de\/cesenatico-pension-in-der-naehe-des-meeres\/\",\"url\":\"https:\/\/test.hvillarosa.com\/de\/cesenatico-pension-in-der-naehe-des-meeres\/\",\"name\":\"Cesenatico pension in der naehe des meeres Adriak\u00fcste\",\"isPartOf\":{\"@id\":\"https:\/\/test.hvillarosa.com\/de\/#website\"},\"datePublished\":\"2025-01-27T11:59:08+00:00\",\"dateModified\":\"2025-02-27T14:35:51+00:00\",\"description\":\"Cesenatico pension in der naehe des meeres, Hotel Vila Rosa in der N\u00e4he des Wolkenkratzers von Cesenatico und nur einen Steinwurf vom Meer entfernt, eine Oase der Ruhe in Strandn\u00e4he. Fordern Sie Ihren kostenlosen Kostenvoranschlag an.\",\"breadcrumb\":{\"@id\":\"https:\/\/test.hvillarosa.com\/de\/cesenatico-pension-in-der-naehe-des-meeres\/#breadcrumb\"},\"inLanguage\":\"de\",\"potentialAction\":[{\"@type\":\"ReadAction\",\"target\":[\"https:\/\/test.hvillarosa.com\/de\/cesenatico-pension-in-der-naehe-des-meeres\/\"]}]},{\"@type\":\"BreadcrumbList\",\"@id\":\"https:\/\/test.hvillarosa.com\/de\/cesenatico-pension-in-der-naehe-des-meeres\/#breadcrumb\",\"itemListElement\":[{\"@type\":\"ListItem\",\"position\":1,\"name\":\"Home\",\"item\":\"https:\/\/test.hvillarosa.com\/de\/home\/\"},{\"@type\":\"ListItem\",\"position\":2,\"name\":\"Strand\"}]},{\"@type\":\"WebSite\",\"@id\":\"https:\/\/test.hvillarosa.com\/de\/#website\",\"url\":\"https:\/\/test.hvillarosa.com\/de\/\",\"name\":\"Hotel Villa Rosa\",\"description\":\"\",\"publisher\":{\"@id\":\"https:\/\/test.hvillarosa.com\/de\/#organization\"},\"potentialAction\":[{\"@type\":\"SearchAction\",\"target\":{\"@type\":\"EntryPoint\",\"urlTemplate\":\"https:\/\/test.hvillarosa.com\/de\/?s={search_term_string}\"},\"query-input\":{\"@type\":\"PropertyValueSpecification\",\"valueRequired\":true,\"valueName\":\"search_term_string\"}}],\"inLanguage\":\"de\"},{\"@type\":\"Organization\",\"@id\":\"https:\/\/test.hvillarosa.com\/de\/#organization\",\"name\":\"Hotel Villa Rosa\",\"url\":\"https:\/\/test.hvillarosa.com\/de\/\",\"logo\":{\"@type\":\"ImageObject\",\"inLanguage\":\"de\",\"@id\":\"https:\/\/test.hvillarosa.com\/de\/#\/schema\/logo\/image\/\",\"url\":\"https:\/\/test.hvillarosa.com\/wp-content\/uploads\/2022\/04\/logo-mexico-2022-sweet-home.svg\",\"contentUrl\":\"https:\/\/test.hvillarosa.com\/wp-content\/uploads\/2022\/04\/logo-mexico-2022-sweet-home.svg\",\"width\":1,\"height\":1,\"caption\":\"Hotel Villa Rosa\"},\"image\":{\"@id\":\"https:\/\/test.hvillarosa.com\/de\/#\/schema\/logo\/image\/\"},\"sameAs\":[\"https:\/\/www.facebook.com\/HotelMexicoBellaria\",\"https:\/\/www.instagram.com\/hotel_mexico\/\"]}]}<\/script>\n<!-- \/ Yoast SEO plugin. -->","yoast_head_json":{"title":"Cesenatico pension in der naehe des meeres Adriak\u00fcste","description":"Cesenatico pension in der naehe des meeres, Hotel Vila Rosa in der N\u00e4he des Wolkenkratzers von Cesenatico und nur einen Steinwurf vom Meer entfernt, eine Oase der Ruhe in Strandn\u00e4he. Fordern Sie Ihren kostenlosen Kostenvoranschlag an.","robots":{"index":"noindex","follow":"follow","max-snippet":"max-snippet:-1","max-image-preview":"max-image-preview:large","max-video-preview":"max-video-preview:-1"},"og_locale":"de_DE","og_type":"article","og_title":"Cesenatico pension in der naehe des meeres Adriak\u00fcste","og_description":"Cesenatico pension in der naehe des meeres, Hotel Vila Rosa in der N\u00e4he des Wolkenkratzers von Cesenatico und nur einen Steinwurf vom Meer entfernt, eine Oase der Ruhe in Strandn\u00e4he. Fordern Sie Ihren kostenlosen Kostenvoranschlag an.","og_url":"https:\/\/test.hvillarosa.com\/de\/cesenatico-pension-in-der-naehe-des-meeres\/","og_site_name":"Hotel Villa Rosa","article_publisher":"https:\/\/www.facebook.com\/HotelMexicoBellaria","article_modified_time":"2025-02-27T14:35:51+00:00","twitter_card":"summary_large_image","twitter_misc":{"Gesch\u00e4tzte Lesezeit":"2\u00a0Minuten"},"schema":{"@context":"https:\/\/schema.org","@graph":[{"@type":"WebPage","@id":"https:\/\/test.hvillarosa.com\/de\/cesenatico-pension-in-der-naehe-des-meeres\/","url":"https:\/\/test.hvillarosa.com\/de\/cesenatico-pension-in-der-naehe-des-meeres\/","name":"Cesenatico pension in der naehe des meeres Adriak\u00fcste","isPartOf":{"@id":"https:\/\/test.hvillarosa.com\/de\/#website"},"datePublished":"2025-01-27T11:59:08+00:00","dateModified":"2025-02-27T14:35:51+00:00","description":"Cesenatico pension in der naehe des meeres, Hotel Vila Rosa in der N\u00e4he des Wolkenkratzers von Cesenatico und nur einen Steinwurf vom Meer entfernt, eine Oase der Ruhe in Strandn\u00e4he. Fordern Sie Ihren kostenlosen Kostenvoranschlag an.","breadcrumb":{"@id":"https:\/\/test.hvillarosa.com\/de\/cesenatico-pension-in-der-naehe-des-meeres\/#breadcrumb"},"inLanguage":"de","potentialAction":[{"@type":"ReadAction","target":["https:\/\/test.hvillarosa.com\/de\/cesenatico-pension-in-der-naehe-des-meeres\/"]}]},{"@type":"BreadcrumbList","@id":"https:\/\/test.hvillarosa.com\/de\/cesenatico-pension-in-der-naehe-des-meeres\/#breadcrumb","itemListElement":[{"@type":"ListItem","position":1,"name":"Home","item":"https:\/\/test.hvillarosa.com\/de\/home\/"},{"@type":"ListItem","position":2,"name":"Strand"}]},{"@type":"WebSite","@id":"https:\/\/test.hvillarosa.com\/de\/#website","url":"https:\/\/test.hvillarosa.com\/de\/","name":"Hotel Villa Rosa","description":"","publisher":{"@id":"https:\/\/test.hvillarosa.com\/de\/#organization"},"potentialAction":[{"@type":"SearchAction","target":{"@type":"EntryPoint","urlTemplate":"https:\/\/test.hvillarosa.com\/de\/?s={search_term_string}"},"query-input":{"@type":"PropertyValueSpecification","valueRequired":true,"valueName":"search_term_string"}}],"inLanguage":"de"},{"@type":"Organization","@id":"https:\/\/test.hvillarosa.com\/de\/#organization","name":"Hotel Villa Rosa","url":"https:\/\/test.hvillarosa.com\/de\/","logo":{"@type":"ImageObject","inLanguage":"de","@id":"https:\/\/test.hvillarosa.com\/de\/#\/schema\/logo\/image\/","url":"https:\/\/test.hvillarosa.com\/wp-content\/uploads\/2022\/04\/logo-mexico-2022-sweet-home.svg","contentUrl":"https:\/\/test.hvillarosa.com\/wp-content\/uploads\/2022\/04\/logo-mexico-2022-sweet-home.svg","width":1,"height":1,"caption":"Hotel Villa Rosa"},"image":{"@id":"https:\/\/test.hvillarosa.com\/de\/#\/schema\/logo\/image\/"},"sameAs":["https:\/\/www.facebook.com\/HotelMexicoBellaria","https:\/\/www.instagram.com\/hotel_mexico\/"]}]}},"publishpress_future_action":{"enabled":false,"date":"2026-04-19 13:56:51","action":"change-status","newStatus":"draft","terms":[],"taxonomy":"translation_priority"},"publishpress_future_workflow_manual_trigger":{"enabledWorkflows":[]},"_links":{"self":[{"href":"https:\/\/test.hvillarosa.com\/de\/wp-json\/wp\/v2\/pages\/17481","targetHints":{"allow":["GET"]}}],"collection":[{"href":"https:\/\/test.hvillarosa.com\/de\/wp-json\/wp\/v2\/pages"}],"about":[{"href":"https:\/\/test.hvillarosa.com\/de\/wp-json\/wp\/v2\/types\/page"}],"author":[{"embeddable":true,"href":"https:\/\/test.hvillarosa.com\/de\/wp-json\/wp\/v2\/users\/5"}],"replies":[{"embeddable":true,"href":"https:\/\/test.hvillarosa.com\/de\/wp-json\/wp\/v2\/comments?post=17481"}],"version-history":[{"count":4,"href":"https:\/\/test.hvillarosa.com\/de\/wp-json\/wp\/v2\/pages\/17481\/revisions"}],"predecessor-version":[{"id":19003,"href":"https:\/\/test.hvillarosa.com\/de\/wp-json\/wp\/v2\/pages\/17481\/revisions\/19003"}],"wp:attachment":[{"href":"https:\/\/test.hvillarosa.com\/de\/wp-json\/wp\/v2\/media?parent=17481"}],"curies":[{"name":"wp","href":"https:\/\/api.w.org\/{rel}","templated":true}]}}